{"id":34,"date":"2020-02-28T17:35:28","date_gmt":"2020-02-28T17:35:28","guid":{"rendered":"http:\/\/haarmonie-aue.de\/?page_id=34"},"modified":"2020-03-25T13:19:03","modified_gmt":"2020-03-25T13:19:03","slug":"datenschutz","status":"publish","type":"page","link":"https:\/\/haarmonie-aue.de\/?page_id=34","title":{"rendered":"Datenschutz"},"content":{"rendered":"\n<h1 class=\"wp-block-heading\">Datenschutzerkl\u00e4rung<\/h1>\n\n\n\n<p>Verantwortliche Stelle im Sinne der Datenschutzgesetze, insbesondere der EU-Datenschutzgrundverordnung (DSGVO), ist:<\/p>\n\n\n\n<p>Diana Mehlhorn<\/p>\n\n\n\n<h2 class=\"wp-block-heading\">Ihre Betroffenenrechte<\/h2>\n\n\n\n<p>Unter den angegebenen Kontaktdaten unseres Datenschutzbeauftragten k\u00f6nnen Sie jederzeit folgende Rechte aus\u00fcben:<\/p>\n\n\n\n<ul class=\"wp-block-list\"><li>Auskunft \u00fcber Ihre bei uns gespeicherten Daten und deren Verarbeitung,<\/li><li>Berichtigung unrichtiger personenbezogener Daten,<\/li><li>L\u00f6schung Ihrer bei uns gespeicherten Daten,<\/li><li>Einschr\u00e4nkung der Datenverarbeitung, sofern wir Ihre Daten aufgrund gesetzlicher Pflichten noch nicht l\u00f6schen d\u00fcrfen,<\/li><li>Widerspruch gegen die Verarbeitung Ihrer Daten bei uns und<\/li><li>Daten\u00fcbertragbarkeit, sofern Sie in die Datenverarbeitung eingewilligt haben oder einen Vertrag mit uns abgeschlossen haben.<\/li><\/ul>\n\n\n\n<p>Sofern Sie uns eine Einwilligung erteilt haben, k\u00f6nnen Sie diese jederzeit mit Wirkung f\u00fcr die Zukunft widerrufen.<\/p>\n\n\n\n<p>Sie k\u00f6nnen sich jederzeit mit einer \nBeschwerde an die f\u00fcr Sie zust\u00e4ndige Aufsichtsbeh\u00f6rde wenden. Ihre \nzust\u00e4ndige Aufsichtsbeh\u00f6rde richtet sich nach dem Bundesland Ihres \nWohnsitzes, Ihrer Arbeit oder der mutma\u00dflichen Verletzung. Eine Liste \nder Aufsichtsbeh\u00f6rden (f\u00fcr den nicht\u00f6ffentlichen Bereich) mit Anschrift \nfinden Sie unter: <a href=\"https:\/\/www.bfdi.bund.de\/DE\/Infothek\/Anschriften_Links\/anschriften_links-node.html\" target=\"_blank\" rel=\"noreferrer noopener\">https:\/\/www.bfdi.bund.de\/DE\/Infothek\/Anschriften_Links\/anschriften_links-node.html<\/a>.<\/p>\n\n\n\n<h2 class=\"wp-block-heading\">Zwecke der Datenverarbeitung durch die verantwortliche Stelle und Dritte<\/h2>\n\n\n\n<p>Wir verarbeiten Ihre personenbezogenen \nDaten nur zu den in dieser Datenschutzerkl\u00e4rung genannten Zwecken. Eine \n\u00dcbermittlung Ihrer pers\u00f6nlichen Daten an Dritte zu anderen als den \ngenannten Zwecken findet nicht statt. Wir geben Ihre pers\u00f6nlichen Daten \nnur an Dritte weiter, wenn:<\/p>\n\n\n\n<ul class=\"wp-block-list\"><li>Sie Ihre ausdr\u00fcckliche Einwilligung dazu erteilt haben,<\/li><li>die Verarbeitung zur Abwicklung eines Vertrags mit Ihnen erforderlich ist,<\/li><li>die Verarbeitung zur Erf\u00fcllung einer rechtlichen Verpflichtung erforderlich ist,<\/li><\/ul>\n\n\n\n<p>die Verarbeitung zur Wahrung \nberechtigter Interessen erforderlich ist und kein Grund zur Annahme \nbesteht, dass Sie ein \u00fcberwiegendes schutzw\u00fcrdiges Interesse an der \nNichtweitergabe Ihrer Daten haben.<\/p>\n\n\n\n<h2 class=\"wp-block-heading\">Erfassung allgemeiner Informationen beim Besuch unserer Website<\/h2>\n\n\n\n<p>Wenn Sie auf unsere Website zugreifen, \nwerden automatisch mittels eines Cookies Informationen allgemeiner Natur\n erfasst. Diese Informationen (Server-Logfiles) beinhalten etwa die Art \ndes Webbrowsers, das verwendete Betriebssystem, den Domainnamen Ihres \nInternet-Service-Providers und \u00e4hnliches. Hierbei handelt es sich \nausschlie\u00dflich um Informationen, welche keine R\u00fcckschl\u00fcsse auf Ihre \nPerson zulassen.<\/p>\n\n\n\n<p>Diese Informationen sind technisch \nnotwendig, um von Ihnen angeforderte Inhalte von Webseiten korrekt \nauszuliefern und fallen bei Nutzung des Internets zwingend an. Sie \nwerden insbesondere zu folgenden Zwecken verarbeitet:<\/p>\n\n\n\n<ul class=\"wp-block-list\"><li>Sicherstellung eines problemlosen Verbindungsaufbaus der Website,<\/li><li>Sicherstellung einer reibungslosen Nutzung unserer Website,<\/li><li>Auswertung der Systemsicherheit und -stabilit\u00e4t sowie<\/li><li>zu weiteren administrativen Zwecken.<\/li><\/ul>\n\n\n\n<p>Die Verarbeitung Ihrer \npersonenbezogenen Daten basiert auf unserem berechtigten Interesse aus \nden vorgenannten Zwecken zur Datenerhebung. Wir verwenden Ihre Daten \nnicht, um R\u00fcckschl\u00fcsse auf Ihre Person zu ziehen. Empf\u00e4nger der Daten \nsind nur die verantwortliche Stelle und ggf. Auftragsverarbeiter.<\/p>\n\n\n\n<p>Anonyme Informationen dieser Art werden\n von uns ggfs. statistisch ausgewertet, um unseren Internetauftritt und \ndie dahinterstehende Technik zu optimieren.<\/p>\n\n\n\n<h2 class=\"wp-block-heading\">Cookies<\/h2>\n\n\n\n<p>Wie viele andere Webseiten verwenden \nwir auch so genannte \u201eCookies\u201c. Cookies sind kleine Textdateien, die von\n einem Websiteserver auf Ihre Festplatte \u00fcbertragen werden. Hierdurch \nerhalten wir automatisch bestimmte Daten wie z. B. IP-Adresse, \nverwendeter Browser, Betriebssystem und Ihre Verbindung zum Internet.<\/p>\n\n\n\n<p>Cookies k\u00f6nnen nicht verwendet werden, \num Programme zu starten oder Viren auf einen Computer zu \u00fcbertragen. \nAnhand der in Cookies enthaltenen Informationen k\u00f6nnen wir Ihnen die \nNavigation erleichtern und die korrekte Anzeige unserer Webseiten \nerm\u00f6glichen.<\/p>\n\n\n\n<p>In keinem Fall werden die von uns \nerfassten Daten an Dritte weitergegeben oder ohne Ihre Einwilligung eine\n Verkn\u00fcpfung mit personenbezogenen Daten hergestellt.<\/p>\n\n\n\n<p>Nat\u00fcrlich k\u00f6nnen Sie unsere Website \ngrunds\u00e4tzlich auch ohne Cookies betrachten. Internet-Browser sind \nregelm\u00e4\u00dfig so eingestellt, dass sie Cookies akzeptieren. Im Allgemeinen \nk\u00f6nnen Sie die Verwendung von Cookies jederzeit \u00fcber die Einstellungen \nIhres Browsers deaktivieren. Bitte verwenden Sie die Hilfefunktionen \nIhres Internetbrowsers, um zu erfahren, wie Sie diese Einstellungen \n\u00e4ndern k\u00f6nnen. Bitte beachten Sie, dass einzelne Funktionen unserer \nWebsite m\u00f6glicherweise nicht funktionieren, wenn Sie die Verwendung von \nCookies deaktiviert haben.<\/p>\n\n\n\n<h2 class=\"wp-block-heading\">Erbringung kostenpflichtiger Leistungen<\/h2>\n\n\n\n<p>Zur Erbringung kostenpflichtiger \nLeistungen werden von uns zus\u00e4tzliche Daten erfragt, wie z.B. \nZahlungsangaben, um Ihre Bestellung ausf\u00fchren zu k\u00f6nnen. Wir speichern \ndiese Daten in unseren Systemen bis die gesetzlichen \nAufbewahrungsfristen abgelaufen sind.<\/p>\n\n\n\n<h2 class=\"wp-block-heading\">Kontaktformular<\/h2>\n\n\n\n<p>Treten Sie bzgl. Fragen jeglicher Art \nper E-Mail oder Kontaktformular mit uns in Kontakt, erteilen Sie uns zum\n Zwecke der Kontaktaufnahme Ihre freiwillige Einwilligung. Hierf\u00fcr ist \ndie Angabe einer validen E-Mail-Adresse erforderlich. Diese dient der \nZuordnung der Anfrage und der anschlie\u00dfenden Beantwortung derselben. Die\n Angabe weiterer Daten ist optional. Die von Ihnen gemachten Angaben \nwerden zum Zwecke der Bearbeitung der Anfrage sowie f\u00fcr m\u00f6gliche \nAnschlussfragen gespeichert. Nach Erledigung der von Ihnen gestellten \nAnfrage werden personenbezogene Daten automatisch gel\u00f6scht.<\/p>\n\n\n\n<h2 class=\"wp-block-heading\">Verwendung von Google Analytics<\/h2>\n\n\n\n<p>Diese Website benutzt Google Analytics,\n einen Webanalysedienst der Google Inc. (folgend: Google). Google \nAnalytics verwendet sog. \u201eCookies\u201c, also Textdateien, die auf Ihrem \nComputer gespeichert werden und die eine Analyse der Benutzung der \nWebseite durch Sie erm\u00f6glichen. Die durch das Cookie erzeugten \nInformationen \u00fcber Ihre Benutzung dieser Webseite werden in der Regel an\n einen Server von Google in den USA \u00fcbertragen und dort gespeichert. \nAufgrund der Aktivierung der IP-Anonymisierung auf diesen Webseiten, \nwird Ihre IP-Adresse von Google jedoch innerhalb von Mitgliedstaaten der\n Europ\u00e4ischen Union oder in anderen Vertragsstaaten des Abkommens \u00fcber \nden Europ\u00e4ischen Wirtschaftsraum zuvor gek\u00fcrzt. Nur in Ausnahmef\u00e4llen \nwird die volle IP-Adresse an einen Server von Google in den USA \n\u00fcbertragen und dort gek\u00fcrzt. Im Auftrag des Betreibers dieser Website \nwird Google diese Informationen benutzen, um Ihre Nutzung der Webseite \nauszuwerten, um Reports \u00fcber die Webseitenaktivit\u00e4ten zusammenzustellen \nund um weitere mit der Websitenutzung und der Internetnutzung verbundene\n Dienstleistungen gegen\u00fcber dem Webseitenbetreiber zu erbringen. Die im \nRahmen von Google Analytics von Ihrem Browser \u00fcbermittelte IP-Adresse \nwird nicht mit anderen Daten von Google zusammengef\u00fchrt.<\/p>\n\n\n\n<p>Die Zwecke der Datenverarbeitung liegen\n in der Auswertung der Nutzung der Website und in der Zusammenstellung \nvon Reports \u00fcber Aktivit\u00e4ten auf der Website. Auf Grundlage der Nutzung \nder Website und des Internets sollen dann weitere verbundene \nDienstleistungen erbracht werden. Die Verarbeitung beruht auf dem \nberechtigten Interesse des Webseitenbetreibers.<\/p>\n\n\n\n<p>Sie k\u00f6nnen die Speicherung der Cookies \ndurch eine entsprechende Einstellung Ihrer Browser-Software verhindern; \nwir weisen Sie jedoch darauf hin, dass Sie in diesem Fall gegebenenfalls\n nicht s\u00e4mtliche Funktionen dieser Website vollumf\u00e4nglich werden nutzen \nk\u00f6nnen. Sie k\u00f6nnen dar\u00fcber hinaus die Erfassung der durch das Cookie \nerzeugten und auf Ihre Nutzung der Webseite bezogenen Daten (inkl. Ihrer\n IP-Adresse) an Google sowie die Verarbeitung dieser Daten durch Google \nverhindern, indem sie das unter dem folgenden Link verf\u00fcgbare \nBrowser-Plugin herunterladen und installieren: <a href=\"http:\/\/tools.google.com\/dlpage\/gaoptout?hl=de\" target=\"_blank\" rel=\"noreferrer noopener\">Browser Add On zur Deaktivierung von Google Analytics<\/a>.<\/p>\n\n\n\n<p>Zus\u00e4tzlich oder als Alternative zum \nBrowser-Add-On k\u00f6nnen Sie das Tracking durch Google Analytics auf \nunseren Seiten unterbinden, indem Sie <a href=\"https:\/\/www.haarmonie-friseur.de\/datenschutzerklaerung#\">diesen Link anklicken<\/a>.\n Dabei wird ein Opt-Out-Cookie auf Ihrem Ger\u00e4t installiert. Damit wird \ndie Erfassung durch Google Analytics f\u00fcr diese Website und f\u00fcr diesen \nBrowser zuk\u00fcnftig verhindert, so lange das Cookie in Ihrem Browser \ninstalliert bleibt.<\/p>\n\n\n\n<h2 class=\"wp-block-heading\">Verwendung von Scriptbibliotheken (Google Webfonts)<\/h2>\n\n\n\n<p>Um unsere Inhalte browser\u00fcbergreifend \nkorrekt und grafisch ansprechend darzustellen, verwenden wir auf dieser \nWebsite Scriptbibliotheken und Schriftbibliotheken wie z. B. Google \nWebfonts (<a href=\"http:\/\/www.google.com\/webfonts\/\" target=\"_blank\" rel=\"noreferrer noopener\">https:\/\/www.google.com\/webfonts\/<\/a>).\n Google Webfonts werden zur Vermeidung mehrfachen Ladens in den Cache \nIhres Browsers \u00fcbertragen. Falls der Browser die Google Webfonts nicht \nunterst\u00fctzt oder den Zugriff unterbindet, werden Inhalte in einer \nStandardschrift angezeigt.<\/p>\n\n\n\n<p>Der Aufruf von Scriptbibliotheken oder \nSchriftbibliotheken l\u00f6st automatisch eine Verbindung zum Betreiber der \nBibliothek aus. Dabei ist es theoretisch m\u00f6glich \u2013 aktuell allerdings \nauch unklar ob und ggf. zu welchen Zwecken \u2013 dass Betreiber \nentsprechender Bibliotheken Daten erheben.<\/p>\n\n\n\n<p>Die Datenschutzrichtlinie des Bibliothekbetreibers Google finden Sie hier: <a href=\"https:\/\/www.google.com\/policies\/privacy\/\" target=\"_blank\" rel=\"noreferrer noopener\">https:\/\/www.google.com\/policies\/privacy\/<\/a><\/p>\n\n\n\n<h2 class=\"wp-block-heading\">Verwendung von Google AdWords<\/h2>\n\n\n\n<h3 class=\"wp-block-heading\">Art und Zweck der Verarbeitung:<\/h3>\n\n\n\n<p>Unsere Webseite nutzt das Google \nConversion-Tracking. Betreibergesellschaft der Dienste von Google \nAdWords ist die Google LLC, 1600 Amphitheatre Parkway, Mountain View, CA\n 94043, USA. Sind Sie \u00fcber eine von Google geschaltete Anzeige auf \nunsere Webseite gelangt, wird von Google Adwords ein Cookie auf Ihrem \nRechner gesetzt. Das Cookie f\u00fcr Conversion-Tracking wird gesetzt, wenn \nein Nutzer auf eine von Google geschaltete Anzeige klickt.<\/p>\n\n\n\n<p>Besucht der Nutzer bestimmte Seiten \nunserer Website und das Cookie ist noch nicht abgelaufen, k\u00f6nnen wir und\n Google erkennen, dass der Nutzer auf die Anzeige geklickt hat und zu \ndieser Seite weitergeleitet wurde. Jeder Google AdWords-Kunde erh\u00e4lt ein\n anderes Cookie. Cookies k\u00f6nnen somit nicht \u00fcber die Websites von \nAdWords-Kunden nachverfolgt werden. Die mithilfe des Conversion-Cookies \neingeholten Informationen dienen dazu, Conversion-Statistiken f\u00fcr \nAdWords-Kunden zu erstellen, die sich f\u00fcr Conversion-Tracking \nentschieden haben. Die Kunden erfahren die Gesamtanzahl der Nutzer, die \nauf ihre Anzeige geklickt haben und zu einer mit einem \nConversion-Tracking-Tag versehenen Seite weitergeleitet wurden. Sie \nerhalten jedoch keine Informationen, mit denen sich Nutzer pers\u00f6nlich \nidentifizieren lassen.<\/p>\n\n\n\n<h3 class=\"wp-block-heading\">Rechtsgrundlage:<\/h3>\n\n\n\n<p>Rechtsgrundlage f\u00fcr die Einbindung von \nGoogle AdWords und dem damit verbundenen Datentransfer zu Google ist \nIhre Einwilligung (Art. 6 Abs. 1 lit. a DSGVO).<\/p>\n\n\n\n<h2 class=\"wp-block-heading\">Verwendung von Google Maps<\/h2>\n\n\n\n<p>Diese Webseite verwendet Google Maps \nAPI, um geographische Informationen visuell darzustellen. Bei der \nNutzung von Google Maps werden von Google auch Daten \u00fcber die Nutzung \nder Kartenfunktionen durch Besucher erhoben, verarbeitet und genutzt. \nN\u00e4here Informationen \u00fcber die Datenverarbeitung durch Google k\u00f6nnen Sie <a href=\"http:\/\/www.google.com\/privacypolicy.html\" target=\"_blank\" rel=\"noreferrer noopener\">den Google-Datenschutzhinweisen<\/a> entnehmen. Dort k\u00f6nnen Sie im Datenschutzcenter auch Ihre pers\u00f6nlichen Datenschutz-Einstellungen ver\u00e4ndern.<\/p>\n\n\n\n<p>Ausf\u00fchrliche Anleitungen zur Verwaltung der eigenen Daten im Zusammenhang mit Google-Produkten<a href=\"http:\/\/www.dataliberation.org\/\" target=\"_blank\" rel=\"noreferrer noopener\"> finden Sie hier<\/a>.<\/p>\n\n\n\n<h2 class=\"wp-block-heading\"><strong>\u00c4nderung unserer Datenschutzbestimmungen<\/strong><\/h2>\n\n\n\n<p>Wir behalten uns vor, diese \nDatenschutzerkl\u00e4rung anzupassen, damit sie stets den aktuellen \nrechtlichen Anforderungen entspricht oder um \u00c4nderungen unserer \nLeistungen in der Datenschutzerkl\u00e4rung umzusetzen, z.B. bei der \nEinf\u00fchrung neuer Services. F\u00fcr Ihren erneuten Besuch gilt dann die neue \nDatenschutzerkl\u00e4rung.<\/p>\n\n\n\n<h2 class=\"wp-block-heading\"><strong>Fragen an den Datenschutzbeauftragten<\/strong><\/h2>\n\n\n\n<p>Wenn Sie Fragen zum Datenschutz haben, \nschreiben Sie uns bitte eine E-Mail oder wenden Sie sich direkt an die \nf\u00fcr den Datenschutz verantwortliche Person in unserer Organisation:<\/p>\n\n\n\n<p>webmaster@haarmonie-aue.de<\/p>\n\n\n\n<p><em>Die Datenschutzerkl\u00e4rung wurde mit dem <\/em><a href=\"https:\/\/www.activemind.de\/datenschutz\/datenschutzhinweis-generator\/\" target=\"_blank\" rel=\"noreferrer noopener\"><em>Datenschutzerkl\u00e4rungs-Generator der activeMind AG erstellt<\/em><\/a><em>.<\/em><\/p>\n\n\n\n<p><\/p>\n","protected":false},"excerpt":{"rendered":"<p>Datenschutzerkl\u00e4rung Verantwortliche Stelle im Sinne der Datenschutzgesetze, insbesondere der EU-Datenschutzgrundverordnung (DSGVO), ist: Diana Mehlhorn Ihre Betroffenenrechte Unter den angegebenen Kontaktdaten unseres Datenschutzbeauftragten k\u00f6nnen Sie jederzeit folgende Rechte aus\u00fcben: Auskunft \u00fcber Ihre bei uns gespeicherten Daten und deren Verarbeitung, Berichtigung unrichtiger personenbezogener Daten, L\u00f6schung Ihrer bei uns gespeicherten Daten, Einschr\u00e4nkung der Datenverarbeitung, sofern wir Ihre Daten &hellip; <a href=\"https:\/\/haarmonie-aue.de\/?page_id=34\" class=\"more-link\"><span class=\"screen-reader-text\">\u201eDatenschutz\u201c <\/span>weiterlesen<\/a><\/p>\n","protected":false},"author":1,"featured_media":0,"parent":0,"menu_order":0,"comment_status":"closed","ping_status":"closed","template":"","meta":{"footnotes":""},"class_list":["post-34","page","type-page","status-publish","hentry"],"_links":{"self":[{"href":"https:\/\/haarmonie-aue.de\/index.php?rest_route=\/wp\/v2\/pages\/34","targetHints":{"allow":["GET"]}}],"collection":[{"href":"https:\/\/haarmonie-aue.de\/index.php?rest_route=\/wp\/v2\/pages"}],"about":[{"href":"https:\/\/haarmonie-aue.de\/index.php?rest_route=\/wp\/v2\/types\/page"}],"author":[{"embeddable":true,"href":"https:\/\/haarmonie-aue.de\/index.php?rest_route=\/wp\/v2\/users\/1"}],"replies":[{"embeddable":true,"href":"https:\/\/haarmonie-aue.de\/index.php?rest_route=%2Fwp%2Fv2%2Fcomments&post=34"}],"version-history":[{"count":4,"href":"https:\/\/haarmonie-aue.de\/index.php?rest_route=\/wp\/v2\/pages\/34\/revisions"}],"predecessor-version":[{"id":99,"href":"https:\/\/haarmonie-aue.de\/index.php?rest_route=\/wp\/v2\/pages\/34\/revisions\/99"}],"wp:attachment":[{"href":"https:\/\/haarmonie-aue.de\/index.php?rest_route=%2Fwp%2Fv2%2Fmedia&parent=34"}],"curies":[{"name":"wp","href":"https:\/\/api.w.org\/{rel}","templated":true}]}}